
{"id":16,"date":"2025-06-30T05:58:13","date_gmt":"2025-06-30T05:58:13","guid":{"rendered":"https:\/\/kros.creospacetech.pl\/?page_id=16"},"modified":"2025-10-22T20:35:43","modified_gmt":"2025-10-22T18:35:43","slug":"kontakt","status":"publish","type":"page","link":"https:\/\/kros.com.pl\/en\/kontakt\/","title":{"rendered":"Contact"},"content":{"rendered":"\n<div style=\"height:100px\" aria-hidden=\"true\" class=\"wp-block-spacer\"><\/div>\n\n\n<!-- Template for ACF Block: kontakt -->\n<div id=\"kontakt\" data-aos=\"fade-up\" class=\"kontakt position-relative  container py-5 my-5 mb-0 pb-0\">\n  <div class=\"row w-100 mb-5 pt-5 m-auto align-items-start\">\n\n    <!-- Tytu\u0142 bloku -->\n    <div class=\"col-xl-2 col-md-12 mb-4 mb-xl-0\">\n      <h2 class=\"titlekontakt fw-bold\">\n        Contact      <\/h2>\n    <\/div>\n\n    <!-- Dane kontaktowe -->\n    <div class=\"col-xl-5 px-xl-5 mb-5 mb-xl-0\">\n      <h3 class=\"fs-2 fw-light\">\n        Get in touch with us      <\/h3>\n\n      <ul class=\"list-unstyled m-0 mt-4\">\n                <li class=\"mb-2\">\n            <a href=\"tel:+48586878376\" class=\"text-dark text-decoration-none fs-5\">\n              +48 58 687 83 76            <\/a>\n          <\/li>\n                \n                  <li class=\"mb-2\">\n            <a href=\"mailto:biuro@kros.com.pl\" class=\"text-dark text-decoration-none fs-5\">\n              biuro@kros.com.pl            <\/a>\n          <\/li>\n        \n\n      <\/ul>\n\n              <p class=\"fs-5 mt-4\">\n          PPH KROS Sp. z o.o.<br \/>\r\nI\u0142ownica 3<br \/>\r\n83-412 G\u0142odowo<br \/>\r\n<br \/>\r\nNIP: 589 00 13 558<br \/>\r\nREGON: 190318128        <\/p>\n      \n      <div class=\"socials d-flex flex-wrap mt-4\">\n                  <a href=\"#\" class=\"me-3 fs-4 text-dark\" target=\"_blank\">\n            <i class=\"fab fa-instagram\"><\/i>\n          <\/a>\n                          <a href=\"#\" class=\"me-3 fs-4 text-dark\" target=\"_blank\">\n            <i class=\"fab fa-facebook\"><\/i>\n          <\/a>\n              <\/div>\n    <\/div>\n\n    <!-- Formularz kontaktowy -->\n    <div class=\"col-xl-5\">\n      \n<div class=\"wpcf7 no-js\" id=\"wpcf7-f804-o1\" lang=\"en-US\" dir=\"ltr\" data-wpcf7-id=\"804\">\n<div class=\"screen-reader-response\"><p role=\"status\" aria-live=\"polite\" aria-atomic=\"true\"><\/p> <ul><\/ul><\/div>\n<form action=\"\/en\/wp-json\/wp\/v2\/pages\/16#wpcf7-f804-o1\" method=\"post\" class=\"wpcf7-form init\" aria-label=\"Contact form\" novalidate=\"novalidate\" data-status=\"init\">\n<fieldset class=\"hidden-fields-container\"><input type=\"hidden\" name=\"_wpcf7\" value=\"804\" \/><input type=\"hidden\" name=\"_wpcf7_version\" value=\"6.1.5\" \/><input type=\"hidden\" name=\"_wpcf7_locale\" value=\"en_US\" \/><input type=\"hidden\" name=\"_wpcf7_unit_tag\" value=\"wpcf7-f804-o1\" \/><input type=\"hidden\" name=\"_wpcf7_container_post\" value=\"0\" \/><input type=\"hidden\" name=\"_wpcf7_posted_data_hash\" value=\"\" \/>\n<\/fieldset>\n<p><span class=\"wpcf7-form-control-wrap\" data-name=\"your-name\"><input size=\"40\" maxlength=\"400\" class=\"wpcf7-form-control wpcf7-text wpcf7-validates-as-required\" autocomplete=\"name\" aria-required=\"true\" aria-invalid=\"false\" placeholder=\"Your Name and Surname\" value=\"\" type=\"text\" name=\"your-name\" \/><\/span><br \/>\n<span class=\"wpcf7-form-control-wrap\" data-name=\"your-email\"><input size=\"40\" maxlength=\"400\" class=\"wpcf7-form-control wpcf7-email wpcf7-validates-as-required wpcf7-text wpcf7-validates-as-email\" autocomplete=\"email\" aria-required=\"true\" aria-invalid=\"false\" placeholder=\"Your Email Address\" value=\"\" type=\"email\" name=\"your-email\" \/><\/span><br \/>\n<span class=\"wpcf7-form-control-wrap\" data-name=\"your-message\"><textarea cols=\"40\" rows=\"10\" maxlength=\"2000\" class=\"wpcf7-form-control wpcf7-textarea\" aria-invalid=\"false\" placeholder=\"Your Message (Optional)\" name=\"your-message\"><\/textarea><\/span>\n<\/p>\n<p><input class=\"wpcf7-form-control wpcf7-submit has-spinner\" type=\"submit\" value=\"Send\" \/>\n<\/p><p style=\"display: none !important;\" class=\"akismet-fields-container\" data-prefix=\"_wpcf7_ak_\"><label>&#916;<textarea name=\"_wpcf7_ak_hp_textarea\" cols=\"45\" rows=\"8\" maxlength=\"100\"><\/textarea><\/label><input type=\"hidden\" id=\"ak_js_1\" name=\"_wpcf7_ak_js\" value=\"164\"\/><script>document.getElementById( \"ak_js_1\" ).setAttribute( \"value\", ( new Date() ).getTime() );<\/script><\/p><div class=\"wpcf7-response-output\" aria-hidden=\"true\"><\/div>\n<\/form>\n<\/div>\n    <\/div>\n\n  <\/div>\n\n  <!-- Mapa -->\n      <div class=\"row\">\n      <div class=\"col-12\">\n        <iframe\r\n  src=\"https:\/\/www.google.com\/maps\/embed?pb=!1m18!1m12!1m3!1d2373.4461277503806!2d18.277023763576032!3d54.07782753126727!2m3!1f0!2f0!3f0!3m2!1i1024!2i768!4f13.1!3m3!1m2!1s0x470280166ce90f15%3A0x6392a0f3b842c780!2sKros!5e0!3m2!1spl!2spl!4v1754215497423!5m2!1spl!2spl\"\r\n  width=\"100%\"\r\n  height=\"350\"\r\n  style=\"border:0; filter: grayscale(100%);\"\r\n  allowfullscreen=\"\"\r\n  loading=\"lazy\"\r\n  referrerpolicy=\"no-referrer-when-downgrade\">\r\n<\/iframe>\r\n      <\/div>\n    <\/div>\n  <\/div>\n\n\n\n\n<!-- Biuro:  tel. +48 782 997 017, 58 687,  e-mail: biuro@kros.com.pl     \n\nDzia\u0142 jako\u015bci i reklamacji: tel. +48 782 997 006,  e-mail: jakosc@kros.com.pl   \n\nSkup zb\u00f3\u017c: tel.  +48 782 997 002,  e-mail:  skupzboza@kros.com.pl\n\nDzia\u0142 ksi\u0119gowo\u015bci: tel. +48 782 997 013 e-mail:  ksiegowosc@kros.com.pl   \n\nDzia\u0142 kadr:  tel. +48 782 997 013, e-mail: kadry@kros.com.pl   \n\nDzia\u0142 eksportu: tel. +48 782 997 04, e-mail: eksport@kros.com.pl  \n\nSprzeda\u017c: tel. +48 782 997 008, e-mail:  sprzedaz@kros.com.pl -->\n\n\n<div style=\"height:100px\" aria-hidden=\"true\" class=\"wp-block-spacer\"><\/div>\n\n\n<!-- kontakt-trzynajwazniejszenumery -->\n\n<div class=\"kontakt-trzynajwazniejszenumery\">\n  <div data-aos=\"fade-up\" class=\"container rounded p-5 tlo\">\n    <div class=\"row\">\n                        <div class=\"col-md-4 my-5 my-md-0 text-center\">\n            <h2 class=\"fs-4\">Trade<\/h2>\n            <p><\/p>\n            <a class=\"text-black text-decoration-none\" href=\"mailto:sprzedaz@kros.com.pl\">\n              sprzedaz@kros.com.pl            <\/a><br>\n            <a class=\"text-black text-decoration-none\" href=\"tel:+48782997008\">\n              +48 782 997 008            <\/a>\n          <\/div>\n                  <div class=\"col-md-4 my-5 my-md-0 text-center\">\n            <h2 class=\"fs-4\">Accounting \/ HR<\/h2>\n            <p> <\/p>\n            <a class=\"text-black text-decoration-none\" href=\"mailto:ksiegowosc@kros.com.pl\">\n              ksiegowosc@kros.com.pl            <\/a><br>\n            <a class=\"text-black text-decoration-none\" href=\"tel:+48782997013\">\n              +48 782 997 013            <\/a>\n          <\/div>\n                  <div class=\"col-md-4 my-5 my-md-0 text-center\">\n            <h2 class=\"fs-4\">Grain Purchase<\/h2>\n            <p> <\/p>\n            <a class=\"text-black text-decoration-none\" href=\"mailto:skupzboza@kros.com.pl\">\n              skupzboza@kros.com.pl            <\/a><br>\n            <a class=\"text-black text-decoration-none\" href=\"tel:+48782997002\">\n              +48 782 997 002            <\/a>\n          <\/div>\n                  <\/div>\n  <\/div>\n<\/div>\n\n\n\n<div style=\"height:50px\" aria-hidden=\"true\" class=\"wp-block-spacer\"><\/div>\n\n\n<!-- kontakt-trzynajwazniejszenumery -->\n\n<div class=\"kontakt-trzynajwazniejszenumery\">\n  <div data-aos=\"fade-up\" class=\"container rounded p-5 tlo\">\n    <div class=\"row\">\n                        <div class=\"col-md-4 my-5 my-md-0 text-center\">\n            <h2 class=\"fs-4\">Complaints<\/h2>\n            <p><\/p>\n            <a class=\"text-black text-decoration-none\" href=\"mailto:jakosc@kros.com.pl\">\n              jakosc@kros.com.pl            <\/a><br>\n            <a class=\"text-black text-decoration-none\" href=\"tel:+48782997006\">\n              +48 782 997 006            <\/a>\n          <\/div>\n                  <div class=\"col-md-4 my-5 my-md-0 text-center\">\n            <h2 class=\"fs-4\">Supply<\/h2>\n            <p> <\/p>\n            <a class=\"text-black text-decoration-none\" href=\"mailto:biuro@kros.com.pl\">\n              biuro@kros.com.pl            <\/a><br>\n            <a class=\"text-black text-decoration-none\" href=\"tel:+48586878376\">\n              +48 58 687 83 76            <\/a>\n          <\/div>\n                  <div class=\"col-md-4 my-5 my-md-0 text-center\">\n            <h2 class=\"fs-4\">Export<\/h2>\n            <p><\/p>\n            <a class=\"text-black text-decoration-none\" href=\"mailto:eksport@kros.com.pl\">\n              eksport@kros.com.pl            <\/a><br>\n            <a class=\"text-black text-decoration-none\" href=\"tel:+48782997041\">\n              +48 782 997 041            <\/a>\n          <\/div>\n                  <\/div>\n  <\/div>\n<\/div>\n\n\n\n<div style=\"height:50px\" aria-hidden=\"true\" class=\"wp-block-spacer\"><\/div>\n\n\n\n<div style=\"height:50px\" aria-hidden=\"true\" class=\"wp-block-spacer\"><\/div>\n","protected":false},"excerpt":{"rendered":"","protected":false},"author":1,"featured_media":0,"parent":0,"menu_order":0,"comment_status":"closed","ping_status":"closed","template":"","meta":{"inline_featured_image":false,"footnotes":""},"class_list":["post-16","page","type-page","status-publish","hentry"],"yoast_head":"<!-- This site is optimized with the Yoast SEO plugin v27.3 - https:\/\/yoast.com\/product\/yoast-seo-wordpress\/ -->\n<title>Contact - KROS EN<\/title>\n<meta name=\"robots\" content=\"index, follow, max-snippet:-1, max-image-preview:large, max-video-preview:-1\" \/>\n<link rel=\"canonical\" href=\"https:\/\/kros.com.pl\/en\/kontakt\/\" \/>\n<meta property=\"og:locale\" content=\"en_US\" \/>\n<meta property=\"og:type\" content=\"article\" \/>\n<meta property=\"og:title\" content=\"Contact - KROS EN\" \/>\n<meta property=\"og:url\" content=\"https:\/\/kros.com.pl\/en\/kontakt\/\" \/>\n<meta property=\"og:site_name\" content=\"KROS EN\" \/>\n<meta property=\"article:modified_time\" content=\"2025-10-22T18:35:43+00:00\" \/>\n<meta name=\"twitter:card\" content=\"summary_large_image\" \/>\n<script type=\"application\/ld+json\" class=\"yoast-schema-graph\">{\"@context\":\"https:\\\/\\\/schema.org\",\"@graph\":[{\"@type\":\"WebPage\",\"@id\":\"https:\\\/\\\/kros.com.pl\\\/en\\\/kontakt\\\/\",\"url\":\"https:\\\/\\\/kros.com.pl\\\/en\\\/kontakt\\\/\",\"name\":\"Contact - KROS EN\",\"isPartOf\":{\"@id\":\"https:\\\/\\\/kros.com.pl\\\/en\\\/#website\"},\"datePublished\":\"2025-06-30T05:58:13+00:00\",\"dateModified\":\"2025-10-22T18:35:43+00:00\",\"breadcrumb\":{\"@id\":\"https:\\\/\\\/kros.com.pl\\\/en\\\/kontakt\\\/#breadcrumb\"},\"inLanguage\":\"en-US\",\"potentialAction\":[{\"@type\":\"ReadAction\",\"target\":[\"https:\\\/\\\/kros.com.pl\\\/en\\\/kontakt\\\/\"]}]},{\"@type\":\"BreadcrumbList\",\"@id\":\"https:\\\/\\\/kros.com.pl\\\/en\\\/kontakt\\\/#breadcrumb\",\"itemListElement\":[{\"@type\":\"ListItem\",\"position\":1,\"name\":\"Strona g\u0142\u00f3wna\",\"item\":\"https:\\\/\\\/kros.com.pl\\\/en\\\/\"},{\"@type\":\"ListItem\",\"position\":2,\"name\":\"Contact\"}]},{\"@type\":\"WebSite\",\"@id\":\"https:\\\/\\\/kros.com.pl\\\/en\\\/#website\",\"url\":\"https:\\\/\\\/kros.com.pl\\\/en\\\/\",\"name\":\"KROS EN\",\"description\":\"\",\"publisher\":{\"@id\":\"https:\\\/\\\/kros.com.pl\\\/en\\\/#organization\"},\"potentialAction\":[{\"@type\":\"SearchAction\",\"target\":{\"@type\":\"EntryPoint\",\"urlTemplate\":\"https:\\\/\\\/kros.com.pl\\\/en\\\/?s={search_term_string}\"},\"query-input\":{\"@type\":\"PropertyValueSpecification\",\"valueRequired\":true,\"valueName\":\"search_term_string\"}}],\"inLanguage\":\"en-US\"},{\"@type\":\"Organization\",\"@id\":\"https:\\\/\\\/kros.com.pl\\\/en\\\/#organization\",\"name\":\"KROS EN\",\"url\":\"https:\\\/\\\/kros.com.pl\\\/en\\\/\",\"logo\":{\"@type\":\"ImageObject\",\"inLanguage\":\"en-US\",\"@id\":\"https:\\\/\\\/kros.com.pl\\\/en\\\/#\\\/schema\\\/logo\\\/image\\\/\",\"url\":\"https:\\\/\\\/kros.com.pl\\\/en\\\/wp-content\\\/uploads\\\/sites\\\/2\\\/2025\\\/08\\\/Zasob-1.svg\",\"contentUrl\":\"https:\\\/\\\/kros.com.pl\\\/en\\\/wp-content\\\/uploads\\\/sites\\\/2\\\/2025\\\/08\\\/Zasob-1.svg\",\"caption\":\"KROS EN\"},\"image\":{\"@id\":\"https:\\\/\\\/kros.com.pl\\\/en\\\/#\\\/schema\\\/logo\\\/image\\\/\"}}]}<\/script>\n<!-- \/ Yoast SEO plugin. -->","yoast_head_json":{"title":"Contact - KROS EN","robots":{"index":"index","follow":"follow","max-snippet":"max-snippet:-1","max-image-preview":"max-image-preview:large","max-video-preview":"max-video-preview:-1"},"canonical":"https:\/\/kros.com.pl\/en\/kontakt\/","og_locale":"en_US","og_type":"article","og_title":"Contact - KROS EN","og_url":"https:\/\/kros.com.pl\/en\/kontakt\/","og_site_name":"KROS EN","article_modified_time":"2025-10-22T18:35:43+00:00","twitter_card":"summary_large_image","schema":{"@context":"https:\/\/schema.org","@graph":[{"@type":"WebPage","@id":"https:\/\/kros.com.pl\/en\/kontakt\/","url":"https:\/\/kros.com.pl\/en\/kontakt\/","name":"Contact - KROS EN","isPartOf":{"@id":"https:\/\/kros.com.pl\/en\/#website"},"datePublished":"2025-06-30T05:58:13+00:00","dateModified":"2025-10-22T18:35:43+00:00","breadcrumb":{"@id":"https:\/\/kros.com.pl\/en\/kontakt\/#breadcrumb"},"inLanguage":"en-US","potentialAction":[{"@type":"ReadAction","target":["https:\/\/kros.com.pl\/en\/kontakt\/"]}]},{"@type":"BreadcrumbList","@id":"https:\/\/kros.com.pl\/en\/kontakt\/#breadcrumb","itemListElement":[{"@type":"ListItem","position":1,"name":"Strona g\u0142\u00f3wna","item":"https:\/\/kros.com.pl\/en\/"},{"@type":"ListItem","position":2,"name":"Contact"}]},{"@type":"WebSite","@id":"https:\/\/kros.com.pl\/en\/#website","url":"https:\/\/kros.com.pl\/en\/","name":"KROS EN","description":"","publisher":{"@id":"https:\/\/kros.com.pl\/en\/#organization"},"potentialAction":[{"@type":"SearchAction","target":{"@type":"EntryPoint","urlTemplate":"https:\/\/kros.com.pl\/en\/?s={search_term_string}"},"query-input":{"@type":"PropertyValueSpecification","valueRequired":true,"valueName":"search_term_string"}}],"inLanguage":"en-US"},{"@type":"Organization","@id":"https:\/\/kros.com.pl\/en\/#organization","name":"KROS EN","url":"https:\/\/kros.com.pl\/en\/","logo":{"@type":"ImageObject","inLanguage":"en-US","@id":"https:\/\/kros.com.pl\/en\/#\/schema\/logo\/image\/","url":"https:\/\/kros.com.pl\/en\/wp-content\/uploads\/sites\/2\/2025\/08\/Zasob-1.svg","contentUrl":"https:\/\/kros.com.pl\/en\/wp-content\/uploads\/sites\/2\/2025\/08\/Zasob-1.svg","caption":"KROS EN"},"image":{"@id":"https:\/\/kros.com.pl\/en\/#\/schema\/logo\/image\/"}}]}},"_links":{"self":[{"href":"https:\/\/kros.com.pl\/en\/wp-json\/wp\/v2\/pages\/16","targetHints":{"allow":["GET"]}}],"collection":[{"href":"https:\/\/kros.com.pl\/en\/wp-json\/wp\/v2\/pages"}],"about":[{"href":"https:\/\/kros.com.pl\/en\/wp-json\/wp\/v2\/types\/page"}],"author":[{"embeddable":true,"href":"https:\/\/kros.com.pl\/en\/wp-json\/wp\/v2\/users\/1"}],"replies":[{"embeddable":true,"href":"https:\/\/kros.com.pl\/en\/wp-json\/wp\/v2\/comments?post=16"}],"version-history":[{"count":4,"href":"https:\/\/kros.com.pl\/en\/wp-json\/wp\/v2\/pages\/16\/revisions"}],"predecessor-version":[{"id":822,"href":"https:\/\/kros.com.pl\/en\/wp-json\/wp\/v2\/pages\/16\/revisions\/822"}],"wp:attachment":[{"href":"https:\/\/kros.com.pl\/en\/wp-json\/wp\/v2\/media?parent=16"}],"curies":[{"name":"wp","href":"https:\/\/api.w.org\/{rel}","templated":true}]}}