
{"id":53,"date":"2025-06-30T19:58:17","date_gmt":"2025-06-30T19:58:17","guid":{"rendered":"https:\/\/kros.creospacetech.pl\/?page_id=53"},"modified":"2025-10-22T20:29:30","modified_gmt":"2025-10-22T18:29:30","slug":"krajowy-plan-odbudowy","status":"publish","type":"page","link":"https:\/\/kros.com.pl\/en\/krajowy-plan-odbudowy\/","title":{"rendered":"National Recovery Plan"},"content":{"rendered":"\n<div style=\"height:66px\" aria-hidden=\"true\" class=\"wp-block-spacer\"><\/div>\n\n\n \n\n\n\n\n\n\n<!-- Template for ACF Block: przeyrwnikzezdjeciem -->\n<div id=\"przerywnik\" class=\"pt-5 mt-5\"><\/div>\n\n\n<div class=\"przeyrwnikzezdjeciem d-flex red position-relative rounded-3 mt-5 container rounded-2 overflow-hidden czerwonetlo\">\n\n\n<div class=\"tekst my-2 p-5 z-1\">\n\n\t<div class=\"col-md-6 position-relative \">\n\t\t<h2 data-aos=\"fade-up\" class=\"text-white fs-2 mb-5\">Krajowy plan odbudowy<\/h2>\n\t<\/div>\n \n\n\t<div  class=\"col-md-6\">\n\t\t<p  data-aos=\"fade-up\" class=\"text-white wersjaPL\">Przedsi\u0119biorstwo Produkcyjno-Handlowe \u201eKros\u201d Sp. z o.o. realizuje projekt pod nazw\u0105 &#8220;Zakup technologii w celu uruchomienia produkcji w p\u0142atkarni&#8221;.\n\u00a0\nW ramach przedsi\u0119wzi\u0119cia wykonana zostanie kot\u0142ownia wraz z instalacj\u0105 pary technologiczne i instalacja spr\u0119\u017conego powietrza oraz zakupiona zostanie linia do wytwarzania p\u0142atk\u00f3w owsianych.\n\u00a0\nRealizacja przedsi\u0119wzi\u0119cia zapewni osi\u0105gniecie celu przyspieszenie inwestycji prywatnych M\u015aP. <br> <br>\n\u00a0\nWarto\u015b\u0107 brutto przedsi\u0119wzi\u0119cia \u2013 22\u00a0003\u00a0757,82 z\u0142.<br>\n\u00a0Przyznane wsparcie finansowe \u2013 8\u00a0944617,00 z\u0142 <br> <br>\n\u00a0\nW wyniku realizacji przedsi\u0119wzi\u0119cia uruchomiona zostanie produkcja nowego w skali przedsi\u0119biorstwa asortymentu tj. p\u0142atk\u00f3w owsianych.<\/p>\n\t\n\t<p  data-aos=\"fade-up\" class=\"text-white wersjaEN\">\n   The Production and Trading Company \u201cKros\u201d Sp. z o.o. is implementing a project titled &#8220;Purchase of Technology for the Launch of Production in the Flake Plant.&#8221;\n\nAs part of the initiative, a boiler room with a technological steam installation and a compressed air system will be constructed, and a production line for oat flakes will be purchased.\n\nThe implementation of the project will contribute to achieving the goal of accelerating private SME investments. <br> <br>\n\nGross project value \u2013 PLN 22,003,757.82 <br>\nGranted financial support \u2013 PLN 8,944,617.00 <br> <br>\n\nAs a result of the project, the production of a new product range at the enterprise level, i.e., oat flakes, will be launched.\n\n<\/p>\n<!-- \n<ul data-aos=\"fade-up\" class=\"sociale my-0 ms-0 d-flex list-unstyled mt-4\">\n\n\t<li class=\"me-3\"><a href=\"https:\/\/www.facebook.com\/kroscreospacetech\" target=\"_blank\" class=\"text-white\"><i class=\"fa-brands fa-facebook-f\"><\/i><\/a><\/li>\n\t<li class=\"me-3\"><a href=\"https:\/\/www.instagram.com\/kros_creospacetech\/\" target=\"_blank\" class=\"text-white\"><i class=\"fa-brands fa-instagram\"><\/i><\/a><\/li>\n \n\n<\/ul> -->\n\n<\/div>\n\n\n<\/div>\n\n\n\n\n<div class=\"przerywnik-fota col-md-5 position-absolute h-100 top-0 end-0\">\n\t<div class=\"position-relative w-100 h-100 top-0 end-0\"><\/div>\n\t<img decoding=\"async\" src=\"https:\/\/kros.com.pl\/wp-content\/uploads\/2025\/07\/Obraz-4.07.2025-godz.-11.10.jpg\" class=\"position-absolute w-100 h-100 object-fit-cover top-0 end-0\" alt=\"\">\n<\/div>\n\n\n\n\n\t\n\n<\/div>","protected":false},"excerpt":{"rendered":"","protected":false},"author":1,"featured_media":0,"parent":0,"menu_order":0,"comment_status":"closed","ping_status":"closed","template":"","meta":{"inline_featured_image":false,"footnotes":""},"class_list":["post-53","page","type-page","status-publish","hentry"],"yoast_head":"<!-- This site is optimized with the Yoast SEO plugin v27.3 - https:\/\/yoast.com\/product\/yoast-seo-wordpress\/ -->\n<title>National Recovery Plan - KROS EN<\/title>\n<meta name=\"robots\" content=\"index, follow, max-snippet:-1, max-image-preview:large, max-video-preview:-1\" \/>\n<link rel=\"canonical\" href=\"https:\/\/kros.com.pl\/en\/krajowy-plan-odbudowy\/\" \/>\n<meta property=\"og:locale\" content=\"en_US\" \/>\n<meta property=\"og:type\" content=\"article\" \/>\n<meta property=\"og:title\" content=\"National Recovery Plan - KROS EN\" \/>\n<meta property=\"og:url\" content=\"https:\/\/kros.com.pl\/en\/krajowy-plan-odbudowy\/\" \/>\n<meta property=\"og:site_name\" content=\"KROS EN\" \/>\n<meta property=\"article:modified_time\" content=\"2025-10-22T18:29:30+00:00\" \/>\n<meta name=\"twitter:card\" content=\"summary_large_image\" \/>\n<script type=\"application\/ld+json\" class=\"yoast-schema-graph\">{\"@context\":\"https:\\\/\\\/schema.org\",\"@graph\":[{\"@type\":\"WebPage\",\"@id\":\"https:\\\/\\\/kros.com.pl\\\/en\\\/krajowy-plan-odbudowy\\\/\",\"url\":\"https:\\\/\\\/kros.com.pl\\\/en\\\/krajowy-plan-odbudowy\\\/\",\"name\":\"National Recovery Plan - KROS EN\",\"isPartOf\":{\"@id\":\"https:\\\/\\\/kros.com.pl\\\/en\\\/#website\"},\"datePublished\":\"2025-06-30T19:58:17+00:00\",\"dateModified\":\"2025-10-22T18:29:30+00:00\",\"breadcrumb\":{\"@id\":\"https:\\\/\\\/kros.com.pl\\\/en\\\/krajowy-plan-odbudowy\\\/#breadcrumb\"},\"inLanguage\":\"en-US\",\"potentialAction\":[{\"@type\":\"ReadAction\",\"target\":[\"https:\\\/\\\/kros.com.pl\\\/en\\\/krajowy-plan-odbudowy\\\/\"]}]},{\"@type\":\"BreadcrumbList\",\"@id\":\"https:\\\/\\\/kros.com.pl\\\/en\\\/krajowy-plan-odbudowy\\\/#breadcrumb\",\"itemListElement\":[{\"@type\":\"ListItem\",\"position\":1,\"name\":\"Strona g\u0142\u00f3wna\",\"item\":\"https:\\\/\\\/kros.com.pl\\\/en\\\/\"},{\"@type\":\"ListItem\",\"position\":2,\"name\":\"National Recovery Plan\"}]},{\"@type\":\"WebSite\",\"@id\":\"https:\\\/\\\/kros.com.pl\\\/en\\\/#website\",\"url\":\"https:\\\/\\\/kros.com.pl\\\/en\\\/\",\"name\":\"KROS EN\",\"description\":\"\",\"publisher\":{\"@id\":\"https:\\\/\\\/kros.com.pl\\\/en\\\/#organization\"},\"potentialAction\":[{\"@type\":\"SearchAction\",\"target\":{\"@type\":\"EntryPoint\",\"urlTemplate\":\"https:\\\/\\\/kros.com.pl\\\/en\\\/?s={search_term_string}\"},\"query-input\":{\"@type\":\"PropertyValueSpecification\",\"valueRequired\":true,\"valueName\":\"search_term_string\"}}],\"inLanguage\":\"en-US\"},{\"@type\":\"Organization\",\"@id\":\"https:\\\/\\\/kros.com.pl\\\/en\\\/#organization\",\"name\":\"KROS EN\",\"url\":\"https:\\\/\\\/kros.com.pl\\\/en\\\/\",\"logo\":{\"@type\":\"ImageObject\",\"inLanguage\":\"en-US\",\"@id\":\"https:\\\/\\\/kros.com.pl\\\/en\\\/#\\\/schema\\\/logo\\\/image\\\/\",\"url\":\"https:\\\/\\\/kros.com.pl\\\/en\\\/wp-content\\\/uploads\\\/sites\\\/2\\\/2025\\\/08\\\/Zasob-1.svg\",\"contentUrl\":\"https:\\\/\\\/kros.com.pl\\\/en\\\/wp-content\\\/uploads\\\/sites\\\/2\\\/2025\\\/08\\\/Zasob-1.svg\",\"caption\":\"KROS EN\"},\"image\":{\"@id\":\"https:\\\/\\\/kros.com.pl\\\/en\\\/#\\\/schema\\\/logo\\\/image\\\/\"}}]}<\/script>\n<!-- \/ Yoast SEO plugin. -->","yoast_head_json":{"title":"National Recovery Plan - KROS EN","robots":{"index":"index","follow":"follow","max-snippet":"max-snippet:-1","max-image-preview":"max-image-preview:large","max-video-preview":"max-video-preview:-1"},"canonical":"https:\/\/kros.com.pl\/en\/krajowy-plan-odbudowy\/","og_locale":"en_US","og_type":"article","og_title":"National Recovery Plan - KROS EN","og_url":"https:\/\/kros.com.pl\/en\/krajowy-plan-odbudowy\/","og_site_name":"KROS EN","article_modified_time":"2025-10-22T18:29:30+00:00","twitter_card":"summary_large_image","schema":{"@context":"https:\/\/schema.org","@graph":[{"@type":"WebPage","@id":"https:\/\/kros.com.pl\/en\/krajowy-plan-odbudowy\/","url":"https:\/\/kros.com.pl\/en\/krajowy-plan-odbudowy\/","name":"National Recovery Plan - KROS EN","isPartOf":{"@id":"https:\/\/kros.com.pl\/en\/#website"},"datePublished":"2025-06-30T19:58:17+00:00","dateModified":"2025-10-22T18:29:30+00:00","breadcrumb":{"@id":"https:\/\/kros.com.pl\/en\/krajowy-plan-odbudowy\/#breadcrumb"},"inLanguage":"en-US","potentialAction":[{"@type":"ReadAction","target":["https:\/\/kros.com.pl\/en\/krajowy-plan-odbudowy\/"]}]},{"@type":"BreadcrumbList","@id":"https:\/\/kros.com.pl\/en\/krajowy-plan-odbudowy\/#breadcrumb","itemListElement":[{"@type":"ListItem","position":1,"name":"Strona g\u0142\u00f3wna","item":"https:\/\/kros.com.pl\/en\/"},{"@type":"ListItem","position":2,"name":"National Recovery Plan"}]},{"@type":"WebSite","@id":"https:\/\/kros.com.pl\/en\/#website","url":"https:\/\/kros.com.pl\/en\/","name":"KROS EN","description":"","publisher":{"@id":"https:\/\/kros.com.pl\/en\/#organization"},"potentialAction":[{"@type":"SearchAction","target":{"@type":"EntryPoint","urlTemplate":"https:\/\/kros.com.pl\/en\/?s={search_term_string}"},"query-input":{"@type":"PropertyValueSpecification","valueRequired":true,"valueName":"search_term_string"}}],"inLanguage":"en-US"},{"@type":"Organization","@id":"https:\/\/kros.com.pl\/en\/#organization","name":"KROS EN","url":"https:\/\/kros.com.pl\/en\/","logo":{"@type":"ImageObject","inLanguage":"en-US","@id":"https:\/\/kros.com.pl\/en\/#\/schema\/logo\/image\/","url":"https:\/\/kros.com.pl\/en\/wp-content\/uploads\/sites\/2\/2025\/08\/Zasob-1.svg","contentUrl":"https:\/\/kros.com.pl\/en\/wp-content\/uploads\/sites\/2\/2025\/08\/Zasob-1.svg","caption":"KROS EN"},"image":{"@id":"https:\/\/kros.com.pl\/en\/#\/schema\/logo\/image\/"}}]}},"_links":{"self":[{"href":"https:\/\/kros.com.pl\/en\/wp-json\/wp\/v2\/pages\/53","targetHints":{"allow":["GET"]}}],"collection":[{"href":"https:\/\/kros.com.pl\/en\/wp-json\/wp\/v2\/pages"}],"about":[{"href":"https:\/\/kros.com.pl\/en\/wp-json\/wp\/v2\/types\/page"}],"author":[{"embeddable":true,"href":"https:\/\/kros.com.pl\/en\/wp-json\/wp\/v2\/users\/1"}],"replies":[{"embeddable":true,"href":"https:\/\/kros.com.pl\/en\/wp-json\/wp\/v2\/comments?post=53"}],"version-history":[{"count":1,"href":"https:\/\/kros.com.pl\/en\/wp-json\/wp\/v2\/pages\/53\/revisions"}],"predecessor-version":[{"id":817,"href":"https:\/\/kros.com.pl\/en\/wp-json\/wp\/v2\/pages\/53\/revisions\/817"}],"wp:attachment":[{"href":"https:\/\/kros.com.pl\/en\/wp-json\/wp\/v2\/media?parent=53"}],"curies":[{"name":"wp","href":"https:\/\/api.w.org\/{rel}","templated":true}]}}